{"id":289,"date":"2025-10-08T09:33:00","date_gmt":"2025-10-08T07:33:00","guid":{"rendered":"https:\/\/www.stavebniny-cadca.sk\/?page_id=289"},"modified":"2026-03-13T10:33:33","modified_gmt":"2026-03-13T09:33:33","slug":"kontakt","status":"publish","type":"page","link":"https:\/\/www.stavebniny-cadca.sk\/rakova\/kontakt\/","title":{"rendered":"Kontakt"},"content":{"rendered":"\n<style type=\"text\/css\" data-created_by=\"avia_inline_auto\" id=\"style-css-av-ve66h-313d2b61c16f7cd4aca7786bd69d5e25\">\n.avia-section.av-ve66h-313d2b61c16f7cd4aca7786bd69d5e25{\nbackground-color:#f5f5f5;\nbackground-image:url(https:\/\/www.stavebniny-cadca.sk\/rakova\/wp-content\/uploads\/sites\/2\/2025\/09\/4sede-pozadie.jpg);\nbackground-repeat:no-repeat;\nbackground-position:50% 0%;\nbackground-attachment:fixed;\n}\n.avia-section.av-ve66h-313d2b61c16f7cd4aca7786bd69d5e25 .av-extra-border-element .av-extra-border-inner{\nbackground-color:#f5f5f5;\n}\n<\/style>\n<div id='av_section_1'  class='avia-section av-ve66h-313d2b61c16f7cd4aca7786bd69d5e25 main_color avia-section-large avia-no-border-styling  avia-builder-el-0  el_before_av_section  avia-builder-el-first  avia-bg-style-fixed av-arrow-down-section container_wrap fullsize'  data-section-bg-repeat='no-repeat'><div class='container av-section-cont-open' ><main  role=\"main\" itemprop=\"mainContentOfPage\"  class='template-page content  av-content-full alpha units'><div class='post-entry post-entry-type-page post-entry-289'><div class='entry-content-wrapper clearfix'>\n\n<style type=\"text\/css\" data-created_by=\"avia_inline_auto\" id=\"style-css-av-mg0qj73e-aad3f854bc98345672df39dd951b37bb\">\n#top .av-special-heading.av-mg0qj73e-aad3f854bc98345672df39dd951b37bb{\npadding-bottom:10px;\nfont-size:34px;\n}\nbody .av-special-heading.av-mg0qj73e-aad3f854bc98345672df39dd951b37bb .av-special-heading-tag .heading-char{\nfont-size:25px;\n}\n#top #wrap_all .av-special-heading.av-mg0qj73e-aad3f854bc98345672df39dd951b37bb .av-special-heading-tag{\nfont-size:34px;\n}\n.av-special-heading.av-mg0qj73e-aad3f854bc98345672df39dd951b37bb .av-subheading{\nfont-size:15px;\n}\n\n@media only screen and (min-width: 480px) and (max-width: 767px){ \n#top #wrap_all .av-special-heading.av-mg0qj73e-aad3f854bc98345672df39dd951b37bb .av-special-heading-tag{\nfont-size:0.8em;\n}\n}\n\n@media only screen and (max-width: 479px){ \n#top #wrap_all .av-special-heading.av-mg0qj73e-aad3f854bc98345672df39dd951b37bb .av-special-heading-tag{\nfont-size:0.8em;\n}\n}\n<\/style>\n<div  class='av-special-heading av-mg0qj73e-aad3f854bc98345672df39dd951b37bb av-special-heading-h1 custom-color-heading blockquote modern-quote modern-centered  avia-builder-el-1  el_before_av_textblock  avia-builder-el-first  av-inherit-size'><h1 class='av-special-heading-tag '  itemprop=\"headline\"  >Kontakt<\/h1><div class=\"special-heading-border\"><div class=\"special-heading-inner-border\"><\/div><\/div><\/div>\n<section  class='av_textblock_section av-mg0vpcnt-32f8689449dd1182c4d24b8a545aada9 '   itemscope=\"itemscope\" itemtype=\"https:\/\/schema.org\/CreativeWork\" ><div class='avia_textblock'  itemprop=\"text\" ><p style=\"text-align: center;\">V pr\u00edpade va\u0161ich ot\u00e1zok n\u00e1s na nasleduj\u00facich kontaktn\u00fdch adres\u00e1ch a telef\u00f3nnych \u010d\u00edslach zastihnete<br \/>\n<strong>ka\u017ed\u00fd pracovn\u00fd de\u0148 a soboty<\/strong>.<\/p>\n<\/div><\/section>\n\n<style type=\"text\/css\" data-created_by=\"avia_inline_auto\" id=\"style-css-av-mg0wbuz3-a99931a751daa825ab19537deeef1580\">\n#top .hr.hr-invisible.av-mg0wbuz3-a99931a751daa825ab19537deeef1580{\nheight:20px;\n}\n<\/style>\n<div  class='hr av-mg0wbuz3-a99931a751daa825ab19537deeef1580 hr-invisible  avia-builder-el-3  el_after_av_textblock  el_before_av_one_full '><span class='hr-inner '><span class=\"hr-inner-style\"><\/span><\/span><\/div>\n\n<style type=\"text\/css\" data-created_by=\"avia_inline_auto\" id=\"style-css-av-mg0vqxmw-440cc56796532b1143c1b84ba3892163\">\n.flex_column.av-mg0vqxmw-440cc56796532b1143c1b84ba3892163{\nborder-radius:20px 20px 20px 20px;\npadding:20px 20px 10px 20px;\nbackground-color:#ffffff;\n}\n<\/style>\n<div  class='flex_column av-mg0vqxmw-440cc56796532b1143c1b84ba3892163 av_one_full  avia-builder-el-4  el_after_av_hr  avia-builder-el-last  first no_margin flex_column_div  '     ><\/div>\n\n<\/div><\/div><\/main><!-- close content main element --><\/div><div class='av-extra-border-element border-extra-arrow-down'><div class='av-extra-border-outer'><div class='av-extra-border-inner'><\/div><\/div><\/div><\/div>\n<style type=\"text\/css\" data-created_by=\"avia_inline_auto\" id=\"style-css-av-mg0vdgds-58bdb8de0adb512afc114837da7de439\">\n.avia-section.av-mg0vdgds-58bdb8de0adb512afc114837da7de439{\nbackground-color:#f5f5f5;\nbackground-image:url(https:\/\/www.stavebniny-cadca.sk\/rakova\/wp-content\/uploads\/sites\/2\/2025\/09\/4sede-pozadie.jpg);\nbackground-repeat:no-repeat;\nbackground-position:50% 0%;\nbackground-attachment:fixed;\n}\n.avia-section.av-mg0vdgds-58bdb8de0adb512afc114837da7de439 .av-section-color-overlay{\nopacity:0.1;\nbackground-color:#a5a5a5;\n}\n<\/style>\n<div id='av_section_2'  class='avia-section av-mg0vdgds-58bdb8de0adb512afc114837da7de439 main_color avia-section-large avia-no-border-styling  avia-builder-el-6  el_after_av_section  avia-builder-el-last  avia-bg-style-fixed av-section-color-overlay-active container_wrap fullsize'  data-section-bg-repeat='no-repeat'><div class=\"av-section-color-overlay-wrap\"><div class=\"av-section-color-overlay\"><\/div><div class='container av-section-cont-open' ><div class='template-page content  av-content-full alpha units'><div class='post-entry post-entry-type-page post-entry-289'><div class='entry-content-wrapper clearfix'>\n\n<style type=\"text\/css\" data-created_by=\"avia_inline_auto\" id=\"style-css-av-1nh93l-52155aa2e23b4c392b156a7b332145c6\">\n#top .av-special-heading.av-1nh93l-52155aa2e23b4c392b156a7b332145c6{\npadding-bottom:30px;\n}\nbody .av-special-heading.av-1nh93l-52155aa2e23b4c392b156a7b332145c6 .av-special-heading-tag .heading-char{\nfont-size:25px;\n}\n.av-special-heading.av-1nh93l-52155aa2e23b4c392b156a7b332145c6 .av-subheading{\nfont-size:15px;\n}\n<\/style>\n<div  class='av-special-heading av-1nh93l-52155aa2e23b4c392b156a7b332145c6 av-special-heading-h2 blockquote modern-quote  avia-builder-el-7  el_before_av_one_third  avia-builder-el-first '><h2 class='av-special-heading-tag '  itemprop=\"headline\"  ><b>N\u00e1\u0161<\/b> t\u00edm<\/h2><div class=\"special-heading-border\"><div class=\"special-heading-inner-border\"><\/div><\/div><\/div>\n\n<style type=\"text\/css\" data-created_by=\"avia_inline_auto\" id=\"style-css-av-ltcll-79d0ed2d5920eb818d6328b8e5f1a4ee\">\n.flex_column.av-ltcll-79d0ed2d5920eb818d6328b8e5f1a4ee{\nwidth:31.3333333333%;\nborder-radius:20px 20px 20px 20px;\npadding:30px 30px 30px 30px;\nbackground-color:#ffffff;\n}\n<\/style>\n<div  class='flex_column av-ltcll-79d0ed2d5920eb818d6328b8e5f1a4ee av_one_third  avia-builder-el-8  el_after_av_heading  el_before_av_one_third  first flex_column_div  '     ><p>\n<style type=\"text\/css\" data-created_by=\"avia_inline_auto\" id=\"style-css-av-g5gbl-64cc737e1b601c34d9be72de9d35f6df\">\n#top .av-special-heading.av-g5gbl-64cc737e1b601c34d9be72de9d35f6df{\npadding-bottom:10px;\n}\nbody .av-special-heading.av-g5gbl-64cc737e1b601c34d9be72de9d35f6df .av-special-heading-tag .heading-char{\nfont-size:25px;\n}\n.av-special-heading.av-g5gbl-64cc737e1b601c34d9be72de9d35f6df .av-subheading{\nfont-size:15px;\n}\n<\/style>\n<div  class='av-special-heading av-g5gbl-64cc737e1b601c34d9be72de9d35f6df av-special-heading-h3 blockquote modern-quote  avia-builder-el-9  el_before_av_textblock  avia-builder-el-first  av-thin-font'><h3 class='av-special-heading-tag '  itemprop=\"headline\"  ><strong>Andrea Fri\u0161\u010d\u00e1kov\u00e1<\/strong><\/h3><div class='av-subheading av-subheading_below'><p>Obchodn\u00e1 z\u00e1stupky\u0148a<\/p>\n<\/div><div class=\"special-heading-border\"><div class=\"special-heading-inner-border\"><\/div><\/div><\/div><br \/>\n<section  class='av_textblock_section av-817hl-5884cdb0a4225fdd2b1c79a43b27e1db '   itemscope=\"itemscope\" itemtype=\"https:\/\/schema.org\/CreativeWork\" ><div class='avia_textblock'  itemprop=\"text\" ><p><i class=\"fa fa-phone\" style=\"margin-right: 6px;\"><\/i> <a href=\"tel:+421948888413\">+421 948 888 413<\/a><br \/>\n<a href=\"mailto:friscakova@redos.sk\"><i class=\"fa fa-envelope\" style=\"margin-right: 6px;\"><\/i>friscakova@redos.sk<\/a><\/p>\n<\/div><\/section><\/p><\/div>\n<style type=\"text\/css\" data-created_by=\"avia_inline_auto\" id=\"style-css-av-qkso1-88ef679da95050e1abcdfa2adb5aee20\">\n.flex_column.av-qkso1-88ef679da95050e1abcdfa2adb5aee20{\nwidth:31.3333333333%;\nmargin-left:3%;\nborder-radius:20px 20px 20px 20px;\npadding:30px 30px 30px 30px;\nbackground-color:#ffffff;\n}\n<\/style>\n<div  class='flex_column av-qkso1-88ef679da95050e1abcdfa2adb5aee20 av_one_third  avia-builder-el-11  el_after_av_one_third  el_before_av_one_third  flex_column_div  '     ><p>\n<style type=\"text\/css\" data-created_by=\"avia_inline_auto\" id=\"style-css-av-mg0v64fy-e968b4170d126b042d3a65d47e5c7374\">\n#top .av-special-heading.av-mg0v64fy-e968b4170d126b042d3a65d47e5c7374{\npadding-bottom:10px;\n}\nbody .av-special-heading.av-mg0v64fy-e968b4170d126b042d3a65d47e5c7374 .av-special-heading-tag .heading-char{\nfont-size:25px;\n}\n.av-special-heading.av-mg0v64fy-e968b4170d126b042d3a65d47e5c7374 .av-subheading{\nfont-size:15px;\n}\n<\/style>\n<div  class='av-special-heading av-mg0v64fy-e968b4170d126b042d3a65d47e5c7374 av-special-heading-h3 blockquote modern-quote  avia-builder-el-12  el_before_av_textblock  avia-builder-el-first  av-thin-font'><h3 class='av-special-heading-tag '  itemprop=\"headline\"  ><strong>Eva Tkadlecov\u00e1<\/strong><\/h3><div class='av-subheading av-subheading_below'><p>Odbyt<\/p>\n<\/div><div class=\"special-heading-border\"><div class=\"special-heading-inner-border\"><\/div><\/div><\/div><br \/>\n<section  class='av_textblock_section av-mg5fp77o-2bf9db0280a53e98beb0a10d038097d3 '   itemscope=\"itemscope\" itemtype=\"https:\/\/schema.org\/CreativeWork\" ><div class='avia_textblock'  itemprop=\"text\" ><p><i class=\"fa fa-phone\" style=\"margin-right: 6px;\"><\/i> <a href=\"tel:+421948611223\">+421 948 611 223<\/a><br \/>\n<a href=\"mailto:rakova@redos.sk\"><i class=\"fa fa-envelope\" style=\"margin-right: 6px;\"><\/i> rakova@redos.sk<\/a><\/p>\n<\/div><\/section><\/p><\/div>\n<style type=\"text\/css\" data-created_by=\"avia_inline_auto\" id=\"style-css-av-6wkix-314a0642c69ebc86afba9887fa91a6c4\">\n.flex_column.av-6wkix-314a0642c69ebc86afba9887fa91a6c4{\nwidth:31.3333333333%;\nmargin-left:3%;\nborder-radius:20px 20px 20px 20px;\npadding:30px 30px 30px 30px;\nbackground-color:#ffffff;\n}\n<\/style>\n<div  class='flex_column av-6wkix-314a0642c69ebc86afba9887fa91a6c4 av_one_third  avia-builder-el-14  el_after_av_one_third  el_before_av_one_third  flex_column_div  '     ><p>\n<style type=\"text\/css\" data-created_by=\"avia_inline_auto\" id=\"style-css-av-mg5fpvqn-f6ee40044a2c4c0c8f062eee373d81a1\">\n#top .av-special-heading.av-mg5fpvqn-f6ee40044a2c4c0c8f062eee373d81a1{\npadding-bottom:10px;\n}\nbody .av-special-heading.av-mg5fpvqn-f6ee40044a2c4c0c8f062eee373d81a1 .av-special-heading-tag .heading-char{\nfont-size:25px;\n}\n.av-special-heading.av-mg5fpvqn-f6ee40044a2c4c0c8f062eee373d81a1 .av-subheading{\nfont-size:15px;\n}\n<\/style>\n<div  class='av-special-heading av-mg5fpvqn-f6ee40044a2c4c0c8f062eee373d81a1 av-special-heading-h3 blockquote modern-quote  avia-builder-el-15  el_before_av_textblock  avia-builder-el-first  av-thin-font'><h3 class='av-special-heading-tag '  itemprop=\"headline\"  ><strong>Bc. Martin Jaro\u0161<\/strong><\/h3><div class='av-subheading av-subheading_below'><p>K\u00fape\u013e\u0148ov\u00e9 \u0161t\u00fadio<\/p>\n<\/div><div class=\"special-heading-border\"><div class=\"special-heading-inner-border\"><\/div><\/div><\/div><br \/>\n<section  class='av_textblock_section av-mg5fr00v-0a0b1a2bcd2c5f41b9b1ba6f72859b86 '   itemscope=\"itemscope\" itemtype=\"https:\/\/schema.org\/CreativeWork\" ><div class='avia_textblock'  itemprop=\"text\" ><p><i class=\"fa fa-phone\" style=\"margin-right: 6px;\"><\/i> <a href=\"tel:+421940656222\">+421 940 656 222<\/a><br \/>\n<a href=\"mailto:keramika@redos.sk\"><i class=\"fa fa-envelope\" style=\"margin-right: 6px;\"><\/i> keramika@redos.sk<\/a><\/p>\n<\/div><\/section><\/p><\/div>\n<style type=\"text\/css\" data-created_by=\"avia_inline_auto\" id=\"style-css-av-n8kqh-2cca9493b915b705f7802697a7fb56e7\">\n.flex_column.av-n8kqh-2cca9493b915b705f7802697a7fb56e7{\nwidth:31.3333333333%;\nborder-radius:20px 20px 20px 20px;\npadding:30px 30px 30px 30px;\nbackground-color:#ffffff;\n}\n<\/style>\n<div  class='flex_column av-n8kqh-2cca9493b915b705f7802697a7fb56e7 av_one_third  avia-builder-el-17  el_after_av_one_third  el_before_av_one_third  first flex_column_div  column-top-margin'     ><p>\n<style type=\"text\/css\" data-created_by=\"avia_inline_auto\" id=\"style-css-av-mg0va7w3-b14160f78eebc542138ccb2e3af8f37c\">\n#top .av-special-heading.av-mg0va7w3-b14160f78eebc542138ccb2e3af8f37c{\npadding-bottom:10px;\n}\nbody .av-special-heading.av-mg0va7w3-b14160f78eebc542138ccb2e3af8f37c .av-special-heading-tag .heading-char{\nfont-size:25px;\n}\n.av-special-heading.av-mg0va7w3-b14160f78eebc542138ccb2e3af8f37c .av-subheading{\nfont-size:15px;\n}\n<\/style>\n<div  class='av-special-heading av-mg0va7w3-b14160f78eebc542138ccb2e3af8f37c av-special-heading-h3 blockquote modern-quote  avia-builder-el-18  el_before_av_textblock  avia-builder-el-first  av-thin-font'><h3 class='av-special-heading-tag '  itemprop=\"headline\"  ><strong>Veronika Ondrea\u0161ov\u00e1<\/strong><\/h3><div class='av-subheading av-subheading_below'><p>Predajca<\/p>\n<\/div><div class=\"special-heading-border\"><div class=\"special-heading-inner-border\"><\/div><\/div><\/div><br \/>\n<section  class='av_textblock_section av-mg5fshnw-fd13c6a52549d28e4ef56d043a310ed1 '   itemscope=\"itemscope\" itemtype=\"https:\/\/schema.org\/CreativeWork\" ><div class='avia_textblock'  itemprop=\"text\" ><p><i class=\"fa fa-phone\" style=\"margin-right: 6px;\"><\/i> <a href=\"tel:+421948611223\">+421 948 611 223<\/a><br \/>\n<a href=\"mailto:rakova@redos.sk\"><i class=\"fa fa-envelope\" style=\"margin-right: 6px;\"><\/i> rakova@redos.sk<\/a><\/p>\n<\/div><\/section><\/p><\/div>\n<style type=\"text\/css\" data-created_by=\"avia_inline_auto\" id=\"style-css-av-fvnp5-981b683e72db6dc10096051b0c755867\">\n.flex_column.av-fvnp5-981b683e72db6dc10096051b0c755867{\nwidth:31.3333333333%;\nmargin-left:3%;\nborder-radius:20px 20px 20px 20px;\npadding:30px 30px 30px 30px;\nbackground-color:#ffffff;\n}\n<\/style>\n<div  class='flex_column av-fvnp5-981b683e72db6dc10096051b0c755867 av_one_third  avia-builder-el-20  el_after_av_one_third  el_before_av_one_third  flex_column_div  column-top-margin'     ><p>\n<style type=\"text\/css\" data-created_by=\"avia_inline_auto\" id=\"style-css-av-mg0vb8j5-0eaa34ad643840ab48afaa6cccaa0958\">\n#top .av-special-heading.av-mg0vb8j5-0eaa34ad643840ab48afaa6cccaa0958{\npadding-bottom:10px;\n}\nbody .av-special-heading.av-mg0vb8j5-0eaa34ad643840ab48afaa6cccaa0958 .av-special-heading-tag .heading-char{\nfont-size:25px;\n}\n.av-special-heading.av-mg0vb8j5-0eaa34ad643840ab48afaa6cccaa0958 .av-subheading{\nfont-size:15px;\n}\n<\/style>\n<div  class='av-special-heading av-mg0vb8j5-0eaa34ad643840ab48afaa6cccaa0958 av-special-heading-h3 blockquote modern-quote  avia-builder-el-21  el_before_av_textblock  avia-builder-el-first  av-thin-font'><h3 class='av-special-heading-tag '  itemprop=\"headline\"  ><strong>Adri\u00e1na Ja\u0161urkov\u00e1<\/strong><\/h3><div class='av-subheading av-subheading_below'><p>Faktur\u00e1cia<\/p>\n<\/div><div class=\"special-heading-border\"><div class=\"special-heading-inner-border\"><\/div><\/div><\/div><br \/>\n<section  class='av_textblock_section av-mg5fu4x7-ac13d7d1171e826310ee61fa64255846 '   itemscope=\"itemscope\" itemtype=\"https:\/\/schema.org\/CreativeWork\" ><div class='avia_textblock'  itemprop=\"text\" ><p><i class=\"fa fa-phone\" style=\"margin-right: 6px;\"><\/i> <a href=\"tel:+421948611228\">+421 948 611 228<\/a><br \/>\n<a href=\"mailto:jasurkova@redos.sk\"><i class=\"fa fa-envelope\" style=\"margin-right: 6px;\"><\/i> jasurkova@redos.sk<\/a><\/p>\n<\/div><\/section><\/p><\/div>\n<style type=\"text\/css\" data-created_by=\"avia_inline_auto\" id=\"style-css-av-a0rvl-8d4b0fbca8ad457c131c3d175fbb705d\">\n.flex_column.av-a0rvl-8d4b0fbca8ad457c131c3d175fbb705d{\nwidth:31.3333333333%;\nmargin-left:3%;\nborder-radius:20px 20px 20px 20px;\npadding:30px 30px 30px 30px;\nbackground-color:#ffffff;\n}\n<\/style>\n<div  class='flex_column av-a0rvl-8d4b0fbca8ad457c131c3d175fbb705d av_one_third  avia-builder-el-23  el_after_av_one_third  avia-builder-el-last  flex_column_div  column-top-margin'     ><p>\n<style type=\"text\/css\" data-created_by=\"avia_inline_auto\" id=\"style-css-av-mg67cqbd-66412800fc4aa6601077599db82c3c41\">\n#top .av-special-heading.av-mg67cqbd-66412800fc4aa6601077599db82c3c41{\npadding-bottom:10px;\n}\nbody .av-special-heading.av-mg67cqbd-66412800fc4aa6601077599db82c3c41 .av-special-heading-tag .heading-char{\nfont-size:25px;\n}\n.av-special-heading.av-mg67cqbd-66412800fc4aa6601077599db82c3c41 .av-subheading{\nfont-size:15px;\n}\n<\/style>\n<div  class='av-special-heading av-mg67cqbd-66412800fc4aa6601077599db82c3c41 av-special-heading-h3 blockquote modern-quote  avia-builder-el-24  el_before_av_textblock  avia-builder-el-first  av-thin-font'><h3 class='av-special-heading-tag '  itemprop=\"headline\"  ><strong>J\u00e1n Martinus\u00edk<\/strong><\/h3><div class='av-subheading av-subheading_below'><p>Predajca, po\u017ei\u010dov\u0148a n\u00e1radia<\/p>\n<\/div><div class=\"special-heading-border\"><div class=\"special-heading-inner-border\"><\/div><\/div><\/div><br \/>\n<section  class='av_textblock_section av-mg67bwxa-af665c6465ad1053bf5fe675c023f48d '   itemscope=\"itemscope\" itemtype=\"https:\/\/schema.org\/CreativeWork\" ><div class='avia_textblock'  itemprop=\"text\" ><p><i class=\"fa fa-phone\" style=\"margin-right: 6px;\"><\/i> <a href=\"tel:+421948611223\">+421 948 611 223<\/a><br \/>\n<a href=\"mailto:rakova@redos.sk\"><i class=\"fa fa-envelope\" style=\"margin-right: 6px;\"><\/i> rakova@redos.sk<\/a><\/p>\n<\/div><\/section><\/p><\/div>\n","protected":false},"excerpt":{"rendered":"","protected":false},"author":1,"featured_media":0,"parent":0,"menu_order":0,"comment_status":"closed","ping_status":"closed","template":"","meta":{"footnotes":""},"class_list":["post-289","page","type-page","status-publish","hentry"],"_links":{"self":[{"href":"https:\/\/www.stavebniny-cadca.sk\/rakova\/wp-json\/wp\/v2\/pages\/289","targetHints":{"allow":["GET"]}}],"collection":[{"href":"https:\/\/www.stavebniny-cadca.sk\/rakova\/wp-json\/wp\/v2\/pages"}],"about":[{"href":"https:\/\/www.stavebniny-cadca.sk\/rakova\/wp-json\/wp\/v2\/types\/page"}],"author":[{"embeddable":true,"href":"https:\/\/www.stavebniny-cadca.sk\/rakova\/wp-json\/wp\/v2\/users\/1"}],"replies":[{"embeddable":true,"href":"https:\/\/www.stavebniny-cadca.sk\/rakova\/wp-json\/wp\/v2\/comments?post=289"}],"version-history":[{"count":7,"href":"https:\/\/www.stavebniny-cadca.sk\/rakova\/wp-json\/wp\/v2\/pages\/289\/revisions"}],"predecessor-version":[{"id":17048,"href":"https:\/\/www.stavebniny-cadca.sk\/rakova\/wp-json\/wp\/v2\/pages\/289\/revisions\/17048"}],"wp:attachment":[{"href":"https:\/\/www.stavebniny-cadca.sk\/rakova\/wp-json\/wp\/v2\/media?parent=289"}],"curies":[{"name":"wp","href":"https:\/\/api.w.org\/{rel}","templated":true}]}}