{"id":17024,"date":"2025-10-28T10:30:00","date_gmt":"2025-10-28T09:30:00","guid":{"rendered":"https:\/\/www.stavebniny-cadca.sk\/rakova\/?post_type=product&#038;p=17024"},"modified":"2025-10-28T10:30:00","modified_gmt":"2025-10-28T09:30:00","slug":"vyklapaci-privesnych-vozik","status":"publish","type":"product","link":"https:\/\/www.stavebniny-cadca.sk\/rakova\/produkt\/vyklapaci-privesnych-vozik\/","title":{"rendered":"Vykl\u00e1pac\u00ed pr\u00edvesn\u00fdch voz\u00edk"},"content":{"rendered":"\n<style type=\"text\/css\" data-created_by=\"avia_inline_auto\" id=\"style-css-av-av_section-05c424ff9176ff4212126d822c948408\">\n.avia-section.av-av_section-05c424ff9176ff4212126d822c948408{\nbackground-color:#f5f5f5;\nbackground-image:url(https:\/\/www.stavebniny-cadca.sk\/rakova\/wp-content\/uploads\/sites\/2\/2025\/09\/4sede-pozadie.jpg);\nbackground-repeat:no-repeat;\nbackground-position:50% 0%;\nbackground-attachment:fixed;\n}\n.avia-section.av-av_section-05c424ff9176ff4212126d822c948408 .av-extra-border-element .av-extra-border-inner{\nbackground-color:#f5f5f5;\n}\n<\/style>\n<div id='av_section_1'  class='avia-section av-av_section-05c424ff9176ff4212126d822c948408 main_color avia-section-large avia-no-border-styling  avia-builder-el-0  el_before_av_section  avia-builder-el-first  avia-bg-style-fixed av-arrow-down-section container_wrap fullsize'  data-section-bg-repeat='no-repeat'><div class='container av-section-cont-open' ><main  role=\"main\" itemprop=\"mainContentOfPage\"  class='template-page content  av-content-full alpha units'><div class='post-entry post-entry-type-page post-entry-17024'><div class='entry-content-wrapper clearfix'>\n\n\n<style type=\"text\/css\" data-created_by=\"avia_inline_auto\" id=\"style-css-av-av_hr-02349c1beab2949c090bc0e85b87d63d\">\n#top .hr.hr-invisible.av-av_hr-02349c1beab2949c090bc0e85b87d63d{\nheight:20px;\n}\n<\/style>\n<div  class='hr av-av_hr-02349c1beab2949c090bc0e85b87d63d hr-invisible  avia-builder-el-2  el_after_av_codeblock  el_before_av_one_half '><span class='hr-inner '><span class=\"hr-inner-style\"><\/span><\/span><\/div>\n\n<style type=\"text\/css\" data-created_by=\"avia_inline_auto\" id=\"style-css-av-av_one_half-1047e928a226e7b54209c088ea18bb51\">\n@keyframes av_boxShadowEffect_av-av_one_half-1047e928a226e7b54209c088ea18bb51-column {\n0%   { box-shadow:  0 0 0 0 #dddddd; opacity: 1; }\n100% { box-shadow:  0 0 10px 0 #dddddd; opacity: 1; }\n}\n.flex_column.av-av_one_half-1047e928a226e7b54209c088ea18bb51{\nwidth:49%;\nbox-shadow: 0 0 10px 0 #dddddd;\nborder-radius:20px 20px 20px 20px;\npadding:0 0 0 0;\nbackground-color:#ffffff;\n}\n<\/style>\n<div  class='flex_column av-av_one_half-1047e928a226e7b54209c088ea18bb51 av_one_half  avia-builder-el-3  el_after_av_hr  el_before_av_one_half  first flex_column_div shadow-not-animated av-zero-column-padding  '     ><\/div>\n<style type=\"text\/css\" data-created_by=\"avia_inline_auto\" id=\"style-css-av-av_one_half-a13ec9a4aea0a2cb66b9632ee9869d19\">\n@keyframes av_boxShadowEffect_av-av_one_half-a13ec9a4aea0a2cb66b9632ee9869d19-column {\n0%   { box-shadow:  0 0 0 0 #dddddd; opacity: 1; }\n100% { box-shadow:  0 0 10px 0 #dddddd; opacity: 1; }\n}\n.flex_column.av-av_one_half-a13ec9a4aea0a2cb66b9632ee9869d19{\nwidth:49%;\nmargin-left:2%;\nbox-shadow: 0 0 10px 0 #dddddd;\nborder-radius:20px 20px 20px 20px;\npadding:30px 30px 30px 30px;\nbackground-color:#ffffff;\n}\n<\/style>\n<div  class='flex_column av-av_one_half-a13ec9a4aea0a2cb66b9632ee9869d19 av_one_half  avia-builder-el-5  el_after_av_one_half  avia-builder-el-last  flex_column_div shadow-not-animated  '     ><section  class='av_textblock_section av-mhad7z98-fb216ca700f06aae2e2e759855d59c41 '   itemscope=\"itemscope\" itemtype=\"https:\/\/schema.org\/CreativeWork\" ><div class='avia_textblock'  itemprop=\"text\" ><div class=\"description\">\n<p>Pr\u00edvesn\u00fd voz\u00edk sklopn\u00fd je vhodn\u00fd na univerz\u00e1lne pou\u017eitie na prevoz ak\u00e9hoko\u013evek tovaru. Skl\u00e1pac\u00ed pr\u00edves je mo\u017en\u00e9 vyu\u017ei\u0165 ako klasick\u00fd valn\u00edk, z\u00e1rove\u0148 v\u0161ak v\u010faka hydraulike umo\u017e\u0148uje pohodln\u00e9 skl\u00e1panie sypk\u00e9ho materi\u00e1lu. Skl\u00e1pac\u00ed pr\u00edvesn\u00fd voz\u00edk je mo\u017en\u00e9 vybavi\u0165 hlin\u00edkov\u00fdmi n\u00e1jazdmi ulo\u017een\u00fdmi pod lo\u017enou plochou na prevoz strojov a\u00a0techniky. Podvozok pr\u00edvesu tvor\u00ed pozinkovan\u00fd r\u00e1m s mas\u00edvnym V\u00a0ojom. Pr\u00edves je vybaven\u00fd brzden\u00fdmi n\u00e1pravami KNOTT do celkovej hmotnosti 2700 kg, 3000 kg, alebo 3500 kg. Bo\u010dnice pr\u00edvesu s\u00fa hlin\u00edkov\u00e9. Podlahu pr\u00edvesu tvor\u00ed vodovzdorn\u00e1 proti\u0161mykov\u00e1 preglejka. Koles\u00e1 s\u00fa ulo\u017een\u00e9 pod lo\u017enou plochou.<\/p>\n<p><strong>Cena pren\u00e1jmu na vy\u017eiadanie<\/strong><\/p>\n<\/div>\n<\/div><\/section><br \/>\n<div  class='hr av-av_hr-bca31578670ae9d408d6d6d291fc57a6 hr-default  avia-builder-el-7  el_after_av_textblock  el_before_av_textblock '><span class='hr-inner '><span class=\"hr-inner-style\"><\/span><\/span><\/div><br \/>\n<section  class='av_textblock_section av-mhad8ayf-d06efc7b0efdb39745e24f84eb068965 '   itemscope=\"itemscope\" itemtype=\"https:\/\/schema.org\/CreativeWork\" ><div class='avia_textblock'  itemprop=\"text\" ><p>Z\u00e1loha<strong>: 100 \u20ac <\/strong>bez DPH<br \/>\nCena za hod.: <strong>5 \u20ac<\/strong> bez DPH<br \/>\nCena za de\u0148: <strong>20 \u20ac<\/strong> bez DPH<\/p>\n<\/div><\/section><\/p><\/div><\/div><\/div><\/main><!-- close content main element --><\/div><div class='av-extra-border-element border-extra-arrow-down'><div class='av-extra-border-outer'><div class='av-extra-border-inner'><\/div><\/div><\/div><\/div>\n<style type=\"text\/css\" data-created_by=\"avia_inline_auto\" id=\"style-css-av-av_section-21b9171a2f01f9682156dab867e8b8d3\">\n.avia-section.av-av_section-21b9171a2f01f9682156dab867e8b8d3{\nbackground-color:#ffffff;\nbackground-image:unset;\n}\n<\/style>\n<div id='av_section_2'  class='avia-section av-av_section-21b9171a2f01f9682156dab867e8b8d3 main_color avia-section-large avia-no-border-styling  avia-builder-el-9  el_after_av_section  el_before_av_section  avia-bg-style-fixed container_wrap fullsize'  ><div class='container av-section-cont-open' ><div class='template-page content  av-content-full alpha units'><div class='post-entry post-entry-type-page post-entry-17024'><div class='entry-content-wrapper clearfix'>\n<div  class='avia-builder-widget-area clearfix  avia-builder-el-10  avia-builder-el-no-sibling '><div id=\"custom_html-2\" class=\"widget_text widget clearfix widget_custom_html\"><div class=\"textwidget custom-html-widget\">\n<style type=\"text\/css\" data-created_by=\"avia_inline_auto\" id=\"style-css-av-mg5n9sgw-46a9669a748006051292d625cf425c86\">\n#top .av-special-heading.av-mg5n9sgw-46a9669a748006051292d625cf425c86{\npadding-bottom:10px;\n}\nbody .av-special-heading.av-mg5n9sgw-46a9669a748006051292d625cf425c86 .av-special-heading-tag .heading-char{\nfont-size:25px;\n}\n.av-special-heading.av-mg5n9sgw-46a9669a748006051292d625cf425c86 .av-subheading{\nfont-size:15px;\n}\n<\/style>\n<div  class='av-special-heading av-mg5n9sgw-46a9669a748006051292d625cf425c86 av-special-heading-h2 blockquote modern-quote modern-centered'><h2 class='av-special-heading-tag '  itemprop=\"headline\"  >Pren\u00e1jom n\u00e1radia<\/h2><div class=\"special-heading-border\"><div class=\"special-heading-inner-border\"><\/div><\/div><\/div>\n<form action=\"https:\/\/www.stavebniny-cadca.sk\/rakova\/produkt\/vyklapaci-privesnych-vozik\/\" method=\"post\" data-fields-with-error=\"Found errors in the following field(s):\" class=\"avia_ajax_form av-form-labels-visible    \" data-avia-form-id=\"1\" data-avia-redirect=''  aria-label='Kontaktn\u00fd formul\u00e1r' ><fieldset><p class='  first_form  form_element form_element_third' id='element_avia_1_1'><label for=\"avia_1_1\">Meno a priezvisko <abbr class=\"required\" title=\"po\u017eadovan\u00fd\">*<\/abbr><\/label> <input name=\"avia_1_1\" class=\"text_input is_empty\" type=\"text\" id=\"avia_1_1\" value=\"\" \/><\/p><p class='  form_element form_element_third' id='element_avia_2_1'><label for=\"avia_2_1\">E-Mail <abbr class=\"required\" title=\"po\u017eadovan\u00fd\">*<\/abbr><\/label> <input name=\"avia_2_1\" class=\"text_input is_email\" type=\"text\" id=\"avia_2_1\" value=\"\" \/><\/p><p class='  form_element form_element_third' id='element_avia_3_1'><label for=\"avia_3_1\">Telef\u00f3n <abbr class=\"required\" title=\"po\u017eadovan\u00fd\">*<\/abbr><\/label> <input name=\"avia_3_1\" class=\"text_input is_empty\" type=\"text\" id=\"avia_3_1\" value=\"\" \/><\/p><p class='  first_form  form_element form_fullwidth' id='element_avia_4_1'><label for=\"avia_4_1\" class=\"textare_label hidden textare_label_avia_4_1\">Pozn\u00e1mka<\/label><textarea  name=\"avia_4_1\" class=\"text_area \" cols=\"40\" rows=\"7\" id=\"avia_4_1\" ><\/textarea><\/p><p class=\"hidden\"><input type=\"text\" name=\"avia_5_1\" class=\"hidden \" id=\"avia_5_1\" value=\"\" \/><\/p><div id='avia_6_1' class='av-recaptcha-area  first_form  form_element form_fullwidth '  data-container_class=\"\" data-custom_class=\"\" data-context=\"av_contact_form\" data-token_input=\"av_recaptcha_token\" data-version=\"avia_recaptcha_v3\" data-theme=\"light\" data-size=\"normal\" data-score=\"0.5\" data-text_to_preview=\"\" data-value=\"\"><div class=\"av-google-badge-message hidden\">T\u00e1to str\u00e1nka je chr\u00e1nen\u00e1 reCAPTCHA a Google <a href=\"https:\/\/policies.google.com\/privacy\" target=\"_blank\">Z\u00e1sadami ochrany osobn\u00fdch \u00fadajov<\/a> a <a href=\"https:\/\/policies.google.com\/terms\" target=\"_blank\">Zmluvn\u00fdmi podmienkami<\/a>.<\/div><\/div><p class=\"form_element \"><input type=\"hidden\" value=\"1\" name=\"avia_generated_form1\" \/><input type=\"submit\" value=\"Odosla\u0165 rezerv\u00e1ciu\" class=\"button\"  data-sending-label=\"Odosielam\"\/><\/p><\/fieldset><div class=\"avia-disabled-form\">This contact form is deactivated because you refused to accept Google reCaptcha service which is necessary to validate any messages sent by the form.<\/div><\/form><div id=\"ajaxresponse_1\" class=\"ajaxresponse ajaxresponse_1 hidden\"><\/div>\n<section  class='av_textblock_section av-mg5ndcra-76365fb49384451b4d60370d2f28bf00 '   itemscope=\"itemscope\" itemtype=\"https:\/\/schema.org\/CreativeWork\" ><div class='avia_textblock'  itemprop=\"text\" ><p>Vyplnen\u00edm kontaktn\u00fdch \u00fadajov vyjadrujem s\u00fahlas s t\u00fdm, aby spolo\u010dnos\u0165 REDOS Stavebn\u00e9 centrum s.r.o. v s\u00falade so z\u00e1konom \u010d.428\/2002 z.z. o ochrane osobn\u00fdch \u00fadajov, spracovala poskytnut\u00e9 osobn\u00e9 \u00fadaje a beriem na vedomie, \u017ee ma spolo\u010dnos\u0165 m\u00f4\u017ee sp\u00e4tne kontaktova\u0165. Odvola\u0165 s\u00fahlas m\u00f4\u017eem zaslan\u00edm p\u00edsomn\u00e9ho ozn\u00e1menia na e-mailov\u00fa adresu <a href=\"mailto:info@redos.sk\">info@redos.sk<\/a>.<\/p>\n<\/div><\/section>\n<\/div><\/div><\/div>\n<\/p>\n<\/div><\/div><\/div><!-- close content main div --><\/div><\/div>\n<style type=\"text\/css\" data-created_by=\"avia_inline_auto\" id=\"style-css-av-av_section-e504fca5667e8c6e2335c998c3ca6c06\">\n.avia-section.av-av_section-e504fca5667e8c6e2335c998c3ca6c06{\nbackground-color:#f4f4f4;\nbackground-image:unset;\n}\n<\/style>\n<div id='av_section_3'  class='avia-section av-av_section-e504fca5667e8c6e2335c998c3ca6c06 main_color avia-section-large avia-no-border-styling  avia-builder-el-11  el_after_av_section  avia-builder-el-last  avia-bg-style-fixed container_wrap fullsize'  ><div class='container av-section-cont-open' ><div class='template-page content  av-content-full alpha units'><div class='post-entry post-entry-type-page post-entry-17024'><div class='entry-content-wrapper clearfix'>\n<section  class='av_textblock_section av-av_textblock-25a378d9f284388fc46ada71941bf70d '   itemscope=\"itemscope\" itemtype=\"https:\/\/schema.org\/CreativeWork\" ><div class='avia_textblock'  itemprop=\"text\" >\n<\/div><\/section>\n\n","protected":false},"excerpt":{"rendered":"","protected":false},"featured_media":16988,"comment_status":"open","ping_status":"closed","template":"","meta":[],"product_brand":[],"product_cat":[21],"product_tag":[],"class_list":{"0":"post-17024","1":"product","2":"type-product","3":"status-publish","4":"has-post-thumbnail","6":"product_cat-ostatne","8":"first","9":"instock","10":"shipping-taxable","11":"product-type-simple"},"_links":{"self":[{"href":"https:\/\/www.stavebniny-cadca.sk\/rakova\/wp-json\/wp\/v2\/product\/17024","targetHints":{"allow":["GET"]}}],"collection":[{"href":"https:\/\/www.stavebniny-cadca.sk\/rakova\/wp-json\/wp\/v2\/product"}],"about":[{"href":"https:\/\/www.stavebniny-cadca.sk\/rakova\/wp-json\/wp\/v2\/types\/product"}],"replies":[{"embeddable":true,"href":"https:\/\/www.stavebniny-cadca.sk\/rakova\/wp-json\/wp\/v2\/comments?post=17024"}],"wp:featuredmedia":[{"embeddable":true,"href":"https:\/\/www.stavebniny-cadca.sk\/rakova\/wp-json\/wp\/v2\/media\/16988"}],"wp:attachment":[{"href":"https:\/\/www.stavebniny-cadca.sk\/rakova\/wp-json\/wp\/v2\/media?parent=17024"}],"wp:term":[{"taxonomy":"product_brand","embeddable":true,"href":"https:\/\/www.stavebniny-cadca.sk\/rakova\/wp-json\/wp\/v2\/product_brand?post=17024"},{"taxonomy":"product_cat","embeddable":true,"href":"https:\/\/www.stavebniny-cadca.sk\/rakova\/wp-json\/wp\/v2\/product_cat?post=17024"},{"taxonomy":"product_tag","embeddable":true,"href":"https:\/\/www.stavebniny-cadca.sk\/rakova\/wp-json\/wp\/v2\/product_tag?post=17024"}],"curies":[{"name":"wp","href":"https:\/\/api.w.org\/{rel}","templated":true}]}}