{"id":289,"date":"2025-10-08T09:33:00","date_gmt":"2025-10-08T07:33:00","guid":{"rendered":"https:\/\/www.stavebniny-cadca.sk\/?page_id=289"},"modified":"2025-12-09T13:27:03","modified_gmt":"2025-12-09T12:27:03","slug":"kontakt","status":"publish","type":"page","link":"https:\/\/www.stavebniny-cadca.sk\/skalite\/kontakt\/","title":{"rendered":"Kontakt"},"content":{"rendered":"\n<style type=\"text\/css\" data-created_by=\"avia_inline_auto\" id=\"style-css-av-ve66h-313d2b61c16f7cd4aca7786bd69d5e25\">\n.avia-section.av-ve66h-313d2b61c16f7cd4aca7786bd69d5e25{\nbackground-color:#f5f5f5;\nbackground-image:unset;\n}\n.avia-section.av-ve66h-313d2b61c16f7cd4aca7786bd69d5e25 .av-extra-border-element .av-extra-border-inner{\nbackground-color:#f5f5f5;\n}\n<\/style>\n<div id='av_section_1'  class='avia-section av-ve66h-313d2b61c16f7cd4aca7786bd69d5e25 main_color avia-section-large avia-no-border-styling  avia-builder-el-0  el_before_av_section  avia-builder-el-first  avia-bg-style-fixed av-arrow-down-section container_wrap fullsize'  ><div class='container av-section-cont-open' ><main  role=\"main\" itemprop=\"mainContentOfPage\"  class='template-page content  av-content-full alpha units'><div class='post-entry post-entry-type-page post-entry-289'><div class='entry-content-wrapper clearfix'>\n\n<style type=\"text\/css\" data-created_by=\"avia_inline_auto\" id=\"style-css-av-mg0qj73e-aad3f854bc98345672df39dd951b37bb\">\n#top .av-special-heading.av-mg0qj73e-aad3f854bc98345672df39dd951b37bb{\npadding-bottom:10px;\nfont-size:34px;\n}\nbody .av-special-heading.av-mg0qj73e-aad3f854bc98345672df39dd951b37bb .av-special-heading-tag .heading-char{\nfont-size:25px;\n}\n#top #wrap_all .av-special-heading.av-mg0qj73e-aad3f854bc98345672df39dd951b37bb .av-special-heading-tag{\nfont-size:34px;\n}\n.av-special-heading.av-mg0qj73e-aad3f854bc98345672df39dd951b37bb .av-subheading{\nfont-size:15px;\n}\n\n@media only screen and (min-width: 480px) and (max-width: 767px){ \n#top #wrap_all .av-special-heading.av-mg0qj73e-aad3f854bc98345672df39dd951b37bb .av-special-heading-tag{\nfont-size:0.8em;\n}\n}\n\n@media only screen and (max-width: 479px){ \n#top #wrap_all .av-special-heading.av-mg0qj73e-aad3f854bc98345672df39dd951b37bb .av-special-heading-tag{\nfont-size:0.8em;\n}\n}\n<\/style>\n<div  class='av-special-heading av-mg0qj73e-aad3f854bc98345672df39dd951b37bb av-special-heading-h1 custom-color-heading blockquote modern-quote modern-centered  avia-builder-el-1  el_before_av_textblock  avia-builder-el-first  av-inherit-size'><h1 class='av-special-heading-tag '  itemprop=\"headline\"  >Kontakt<\/h1><div class=\"special-heading-border\"><div class=\"special-heading-inner-border\"><\/div><\/div><\/div>\n<section  class='av_textblock_section av-mg0vpcnt-32f8689449dd1182c4d24b8a545aada9 '   itemscope=\"itemscope\" itemtype=\"https:\/\/schema.org\/CreativeWork\" ><div class='avia_textblock'  itemprop=\"text\" ><p style=\"text-align: center;\">V pr\u00edpade va\u0161ich ot\u00e1zok n\u00e1s na nasleduj\u00facich kontaktn\u00fdch adres\u00e1ch a telef\u00f3nnych \u010d\u00edslach zastihnete<br \/>\n<strong>ka\u017ed\u00fd pracovn\u00fd de\u0148 a soboty<\/strong>.<\/p>\n<\/div><\/section>\n\n<style type=\"text\/css\" data-created_by=\"avia_inline_auto\" id=\"style-css-av-mg0wbuz3-a99931a751daa825ab19537deeef1580\">\n#top .hr.hr-invisible.av-mg0wbuz3-a99931a751daa825ab19537deeef1580{\nheight:20px;\n}\n<\/style>\n<div  class='hr av-mg0wbuz3-a99931a751daa825ab19537deeef1580 hr-invisible  avia-builder-el-3  el_after_av_textblock  el_before_av_one_full '><span class='hr-inner '><span class=\"hr-inner-style\"><\/span><\/span><\/div>\n\n<style type=\"text\/css\" data-created_by=\"avia_inline_auto\" id=\"style-css-av-mg0vqxmw-440cc56796532b1143c1b84ba3892163\">\n.flex_column.av-mg0vqxmw-440cc56796532b1143c1b84ba3892163{\nborder-radius:20px 20px 20px 20px;\npadding:20px 20px 10px 20px;\nbackground-color:#ffffff;\n}\n<\/style>\n<div  class='flex_column av-mg0vqxmw-440cc56796532b1143c1b84ba3892163 av_one_full  avia-builder-el-4  el_after_av_hr  avia-builder-el-last  first no_margin flex_column_div  '     ><\/div>\n\n<\/div><\/div><\/main><!-- close content main element --><\/div><div class='av-extra-border-element border-extra-arrow-down'><div class='av-extra-border-outer'><div class='av-extra-border-inner'><\/div><\/div><\/div><\/div>\n<style type=\"text\/css\" data-created_by=\"avia_inline_auto\" id=\"style-css-av-mg0vdgds-58bdb8de0adb512afc114837da7de439\">\n.avia-section.av-mg0vdgds-58bdb8de0adb512afc114837da7de439{\nbackground-color:#f5f5f5;\nbackground-image:unset;\n}\n.avia-section.av-mg0vdgds-58bdb8de0adb512afc114837da7de439 .av-section-color-overlay{\nopacity:0.1;\nbackground-color:#a5a5a5;\n}\n<\/style>\n<div id='av_section_2'  class='avia-section av-mg0vdgds-58bdb8de0adb512afc114837da7de439 main_color avia-section-large avia-no-border-styling  avia-builder-el-6  el_after_av_section  avia-builder-el-last  avia-bg-style-fixed av-section-color-overlay-active container_wrap fullsize'  ><div class=\"av-section-color-overlay-wrap\"><div class=\"av-section-color-overlay\"><\/div><div class='container av-section-cont-open' ><div class='template-page content  av-content-full alpha units'><div class='post-entry post-entry-type-page post-entry-289'><div class='entry-content-wrapper clearfix'>\n\n<style type=\"text\/css\" data-created_by=\"avia_inline_auto\" id=\"style-css-av-1nh93l-52155aa2e23b4c392b156a7b332145c6\">\n#top .av-special-heading.av-1nh93l-52155aa2e23b4c392b156a7b332145c6{\npadding-bottom:30px;\n}\nbody .av-special-heading.av-1nh93l-52155aa2e23b4c392b156a7b332145c6 .av-special-heading-tag .heading-char{\nfont-size:25px;\n}\n.av-special-heading.av-1nh93l-52155aa2e23b4c392b156a7b332145c6 .av-subheading{\nfont-size:15px;\n}\n<\/style>\n<div  class='av-special-heading av-1nh93l-52155aa2e23b4c392b156a7b332145c6 av-special-heading-h2 blockquote modern-quote  avia-builder-el-7  el_before_av_one_third  avia-builder-el-first '><h2 class='av-special-heading-tag '  itemprop=\"headline\"  ><b>N\u00e1\u0161<\/b> t\u00edm<\/h2><div class=\"special-heading-border\"><div class=\"special-heading-inner-border\"><\/div><\/div><\/div>\n\n<style type=\"text\/css\" data-created_by=\"avia_inline_auto\" id=\"style-css-av-ltcll-79d0ed2d5920eb818d6328b8e5f1a4ee\">\n.flex_column.av-ltcll-79d0ed2d5920eb818d6328b8e5f1a4ee{\nwidth:31.3333333333%;\nborder-radius:20px 20px 20px 20px;\npadding:30px 30px 30px 30px;\nbackground-color:#ffffff;\n}\n<\/style>\n<div  class='flex_column av-ltcll-79d0ed2d5920eb818d6328b8e5f1a4ee av_one_third  avia-builder-el-8  el_after_av_heading  el_before_av_one_third  first flex_column_div  '     ><p>\n<style type=\"text\/css\" data-created_by=\"avia_inline_auto\" id=\"style-css-av-g5gbl-cf9175061080e4f4631266263a619abe\">\n#top .av-special-heading.av-g5gbl-cf9175061080e4f4631266263a619abe{\npadding-bottom:10px;\n}\nbody .av-special-heading.av-g5gbl-cf9175061080e4f4631266263a619abe .av-special-heading-tag .heading-char{\nfont-size:25px;\n}\n.av-special-heading.av-g5gbl-cf9175061080e4f4631266263a619abe .av-subheading{\nfont-size:15px;\n}\n<\/style>\n<div  class='av-special-heading av-g5gbl-cf9175061080e4f4631266263a619abe av-special-heading-h3 blockquote modern-quote  avia-builder-el-9  el_before_av_textblock  avia-builder-el-first  av-thin-font'><h3 class='av-special-heading-tag '  itemprop=\"headline\"  ><strong>Zuzana Rotkov\u00e1<\/strong><\/h3><div class='av-subheading av-subheading_below'><p>Ved\u00faca prev\u00e1dzky<\/p>\n<\/div><div class=\"special-heading-border\"><div class=\"special-heading-inner-border\"><\/div><\/div><\/div><br \/>\n<section  class='av_textblock_section av-miyjzdfh-b4916a63507fe540dd361360900ae827 '   itemscope=\"itemscope\" itemtype=\"https:\/\/schema.org\/CreativeWork\" ><div class='avia_textblock'  itemprop=\"text\" ><p><i class=\"fa fa-phone\" style=\"margin-right: 6px;\"><\/i> <a href=\"tel:+421940626121\">+421 940 626 121<\/a><br \/>\n<a href=\"mailto:rotkova@redos.sk\"><i class=\"fa fa-envelope\" style=\"margin-right: 6px;\"><\/i> rotkova@redos.sk<\/a><\/p>\n<\/div><\/section><\/p><\/div>\n<style type=\"text\/css\" data-created_by=\"avia_inline_auto\" id=\"style-css-av-qkso1-88ef679da95050e1abcdfa2adb5aee20\">\n.flex_column.av-qkso1-88ef679da95050e1abcdfa2adb5aee20{\nwidth:31.3333333333%;\nmargin-left:3%;\nborder-radius:20px 20px 20px 20px;\npadding:30px 30px 30px 30px;\nbackground-color:#ffffff;\n}\n<\/style>\n<div  class='flex_column av-qkso1-88ef679da95050e1abcdfa2adb5aee20 av_one_third  avia-builder-el-11  el_after_av_one_third  avia-builder-el-last  flex_column_div  '     ><p>\n<style type=\"text\/css\" data-created_by=\"avia_inline_auto\" id=\"style-css-av-mg0v64fy-11204ab50f6b358312444ebf1cdbdce9\">\n#top .av-special-heading.av-mg0v64fy-11204ab50f6b358312444ebf1cdbdce9{\npadding-bottom:10px;\n}\nbody .av-special-heading.av-mg0v64fy-11204ab50f6b358312444ebf1cdbdce9 .av-special-heading-tag .heading-char{\nfont-size:25px;\n}\n.av-special-heading.av-mg0v64fy-11204ab50f6b358312444ebf1cdbdce9 .av-subheading{\nfont-size:15px;\n}\n<\/style>\n<div  class='av-special-heading av-mg0v64fy-11204ab50f6b358312444ebf1cdbdce9 av-special-heading-h3 blockquote modern-quote  avia-builder-el-12  el_before_av_textblock  avia-builder-el-first  av-thin-font'><h3 class='av-special-heading-tag '  itemprop=\"headline\"  ><strong>Anna Cholujov\u00e1<\/strong><\/h3><div class='av-subheading av-subheading_below'><p>Odbyt<\/p>\n<\/div><div class=\"special-heading-border\"><div class=\"special-heading-inner-border\"><\/div><\/div><\/div><br \/>\n<section  class='av_textblock_section av-miyk151b-13b3d14141b483c82a60b4333cae1d0d '   itemscope=\"itemscope\" itemtype=\"https:\/\/schema.org\/CreativeWork\" ><div class='avia_textblock'  itemprop=\"text\" ><p><i class=\"fa fa-phone\" style=\"margin-right: 6px;\"><\/i> <a href=\"tel:+421940626121\">+421 940 626 121<\/a><br \/>\n<a href=\"mailto:skalite@redos.sk\"><i class=\"fa fa-envelope\" style=\"margin-right: 6px;\"><\/i> skalite@redos.sk<\/a><\/p>\n<\/div><\/section><\/p><\/div>\n","protected":false},"excerpt":{"rendered":"","protected":false},"author":1,"featured_media":0,"parent":0,"menu_order":0,"comment_status":"closed","ping_status":"closed","template":"","meta":{"footnotes":""},"class_list":["post-289","page","type-page","status-publish","hentry"],"_links":{"self":[{"href":"https:\/\/www.stavebniny-cadca.sk\/skalite\/wp-json\/wp\/v2\/pages\/289","targetHints":{"allow":["GET"]}}],"collection":[{"href":"https:\/\/www.stavebniny-cadca.sk\/skalite\/wp-json\/wp\/v2\/pages"}],"about":[{"href":"https:\/\/www.stavebniny-cadca.sk\/skalite\/wp-json\/wp\/v2\/types\/page"}],"author":[{"embeddable":true,"href":"https:\/\/www.stavebniny-cadca.sk\/skalite\/wp-json\/wp\/v2\/users\/1"}],"replies":[{"embeddable":true,"href":"https:\/\/www.stavebniny-cadca.sk\/skalite\/wp-json\/wp\/v2\/comments?post=289"}],"version-history":[{"count":5,"href":"https:\/\/www.stavebniny-cadca.sk\/skalite\/wp-json\/wp\/v2\/pages\/289\/revisions"}],"predecessor-version":[{"id":17034,"href":"https:\/\/www.stavebniny-cadca.sk\/skalite\/wp-json\/wp\/v2\/pages\/289\/revisions\/17034"}],"wp:attachment":[{"href":"https:\/\/www.stavebniny-cadca.sk\/skalite\/wp-json\/wp\/v2\/media?parent=289"}],"curies":[{"name":"wp","href":"https:\/\/api.w.org\/{rel}","templated":true}]}}