{"id":16943,"date":"2025-10-14T14:58:28","date_gmt":"2025-10-14T12:58:28","guid":{"rendered":"https:\/\/www.stavebniny-cadca.sk\/skalite\/?post_type=product&#038;p=16943"},"modified":"2025-10-21T21:23:51","modified_gmt":"2025-10-21T19:23:51","slug":"bruska-uhlova-hilti-dag-125-s","status":"publish","type":"product","link":"https:\/\/www.stavebniny-cadca.sk\/skalite\/produkt\/bruska-uhlova-hilti-dag-125-s\/","title":{"rendered":"BR\u00daSKA UHLOV\u00c1 HILTI DAG 125-S"},"content":{"rendered":"\n<style type=\"text\/css\" data-created_by=\"avia_inline_auto\" id=\"style-css-av-bvsb4e-9eddd1b24af6e44b3c2b7d5cc558f7d9\">\n.avia-section.av-bvsb4e-9eddd1b24af6e44b3c2b7d5cc558f7d9{\nbackground-color:#f5f5f5;\nbackground-image:unset;\n}\n.avia-section.av-bvsb4e-9eddd1b24af6e44b3c2b7d5cc558f7d9 .av-extra-border-element .av-extra-border-inner{\nbackground-color:#f5f5f5;\n}\n<\/style>\n<div id='av_section_1'  class='avia-section av-bvsb4e-9eddd1b24af6e44b3c2b7d5cc558f7d9 main_color avia-section-large avia-no-border-styling  avia-builder-el-0  el_before_av_section  avia-builder-el-first  avia-bg-style-fixed av-arrow-down-section container_wrap fullsize'  ><div class='container av-section-cont-open' ><main  role=\"main\" itemprop=\"mainContentOfPage\"  class='template-page content  av-content-full alpha units'><div class='post-entry post-entry-type-page post-entry-16943'><div class='entry-content-wrapper clearfix'>\n\n\n<style type=\"text\/css\" data-created_by=\"avia_inline_auto\" id=\"style-css-av-mg5gycmb-8cbc4fe41b7f0dc37a0bc2086c6d4378\">\n#top .hr.hr-invisible.av-mg5gycmb-8cbc4fe41b7f0dc37a0bc2086c6d4378{\nheight:20px;\n}\n<\/style>\n<div  class='hr av-mg5gycmb-8cbc4fe41b7f0dc37a0bc2086c6d4378 hr-invisible  avia-builder-el-2  el_after_av_codeblock  el_before_av_one_half '><span class='hr-inner '><span class=\"hr-inner-style\"><\/span><\/span><\/div>\n\n<style type=\"text\/css\" data-created_by=\"avia_inline_auto\" id=\"style-css-av-75bwmm-c7b92d8edb577556f311cebbf026efb3\">\n@keyframes av_boxShadowEffect_av-75bwmm-c7b92d8edb577556f311cebbf026efb3-column {\n0%   { box-shadow:  0 0 0 0 #dddddd; opacity: 1; }\n100% { box-shadow:  0 0 10px 0 #dddddd; opacity: 1; }\n}\n.flex_column.av-75bwmm-c7b92d8edb577556f311cebbf026efb3{\nwidth:49%;\nbox-shadow: 0 0 10px 0 #dddddd;\nborder-radius:20px 20px 20px 20px;\npadding:0 0 0 0;\nbackground-color:#ffffff;\n}\n<\/style>\n<div  class='flex_column av-75bwmm-c7b92d8edb577556f311cebbf026efb3 av_one_half  avia-builder-el-3  el_after_av_hr  el_before_av_one_half  first flex_column_div shadow-not-animated av-zero-column-padding  '     ><\/div>\n<style type=\"text\/css\" data-created_by=\"avia_inline_auto\" id=\"style-css-av-28irn3i-68533e4d8ab3a17f7287598427b02fb8\">\n@keyframes av_boxShadowEffect_av-28irn3i-68533e4d8ab3a17f7287598427b02fb8-column {\n0%   { box-shadow:  0 0 0 0 #dddddd; opacity: 1; }\n100% { box-shadow:  0 0 10px 0 #dddddd; opacity: 1; }\n}\n.flex_column.av-28irn3i-68533e4d8ab3a17f7287598427b02fb8{\nwidth:49%;\nmargin-left:2%;\nbox-shadow: 0 0 10px 0 #dddddd;\nborder-radius:20px 20px 20px 20px;\npadding:30px 30px 30px 30px;\nbackground-color:#ffffff;\n}\n<\/style>\n<div  class='flex_column av-28irn3i-68533e4d8ab3a17f7287598427b02fb8 av_one_half  avia-builder-el-5  el_after_av_one_half  avia-builder-el-last  flex_column_div shadow-not-animated  '     ><section  class='av_textblock_section av-5y1oy6-8e2d215f61bfb914f6f50481de1d4172 '   itemscope=\"itemscope\" itemtype=\"https:\/\/schema.org\/CreativeWork\" ><div class='avia_textblock'  itemprop=\"text\" ><div class=\"description\">\n<p><strong>Vlastnosti<\/strong><\/p>\n<ul>\n<li>Oto\u010dn\u00fd regul\u00e1tor r\u00fdchlosti pre jemn\u00e9 ovl\u00e1danie le\u0161tenia a spracovania nehrdzavej\u00facej ocele<\/li>\n<li>Pohodln\u00e9 a jednoduch\u00e9 pou\u017eitie<\/li>\n<li>Navrhnut\u00e9 pre pracovn\u00fd komfort \u2013 men\u0161ia n\u00e1maha pri dlhodobom pou\u017e\u00edvan\u00ed<\/li>\n<li>Vhodn\u00e9 pre jemn\u00e9 dokon\u010dovacie br\u00fasenie a \u013eahk\u00e9 rezanie<\/li>\n<li>Zo\u0161t\u00edhlen\u00fd dizajn motoru 800 W<\/li>\n<\/ul>\n<p><strong>Pou\u017eitie<\/strong><\/p>\n<ul>\n<li>Rezanie a br\u00fasenie ocele a miner\u00e1lnych materi\u00e1lov<\/li>\n<li>Rezanie, hrub\u00e9 a jemn\u00e9 br\u00fasenie kovov a miner\u00e1lnych materi\u00e1lov<\/li>\n<li>Renov\u00e1cia \u0161p\u00e1r<\/li>\n<li>Br\u00fasenie z\u00e1kladn\u00e9ho materi\u00e1lu z nehrdzavej\u00facej ocele<\/li>\n<li>Obrusovanie a le\u0161tenie ocele a nehrdzavej\u00facej ocele<\/li>\n<\/ul>\n<\/div>\n<\/div><\/section><br \/>\n<div  class='hr av-14lao4u-5dbefa8d004d21105ff711cd41cd0d49 hr-default  avia-builder-el-7  el_after_av_textblock  el_before_av_textblock '><span class='hr-inner '><span class=\"hr-inner-style\"><\/span><\/span><\/div><br \/>\n<section  class='av_textblock_section av-nn5ne6-f74649bd1aecdaa7888f7d81ba818156 '   itemscope=\"itemscope\" itemtype=\"https:\/\/schema.org\/CreativeWork\" ><div class='avia_textblock'  itemprop=\"text\" ><p>Z\u00e1loha<strong>: 50 \u20ac <\/strong>bez DPH<br \/>\nCena za hod.: <strong>4 \u20ac<\/strong> bez DPH<br \/>\nCena za de\u0148: <strong>20 \u20ac<\/strong> bez DPH<\/p>\n<\/div><\/section><\/p><\/div><\/div><\/div><\/main><!-- close content main element --><\/div><div class='av-extra-border-element border-extra-arrow-down'><div class='av-extra-border-outer'><div class='av-extra-border-inner'><\/div><\/div><\/div><\/div>\n<style type=\"text\/css\" data-created_by=\"avia_inline_auto\" id=\"style-css-av-135ftce-5cf3131fdfa75d37d70e6e294280199c\">\n.avia-section.av-135ftce-5cf3131fdfa75d37d70e6e294280199c{\nbackground-color:#ffffff;\nbackground-image:unset;\n}\n<\/style>\n<div id='av_section_2'  class='avia-section av-135ftce-5cf3131fdfa75d37d70e6e294280199c main_color avia-section-large avia-no-border-styling  avia-builder-el-9  el_after_av_section  el_before_av_section  avia-bg-style-fixed container_wrap fullsize'  ><div class='container av-section-cont-open' ><div class='template-page content  av-content-full alpha units'><div class='post-entry post-entry-type-page post-entry-16943'><div class='entry-content-wrapper clearfix'>\n<div  class='avia-builder-widget-area clearfix  avia-builder-el-10  avia-builder-el-no-sibling '><div id=\"custom_html-3\" class=\"widget_text widget clearfix widget_custom_html\"><div class=\"textwidget custom-html-widget\">\n<style type=\"text\/css\" data-created_by=\"avia_inline_auto\" id=\"style-css-av-mg5n9sgw-46a9669a748006051292d625cf425c86\">\n#top .av-special-heading.av-mg5n9sgw-46a9669a748006051292d625cf425c86{\npadding-bottom:10px;\n}\nbody .av-special-heading.av-mg5n9sgw-46a9669a748006051292d625cf425c86 .av-special-heading-tag .heading-char{\nfont-size:25px;\n}\n.av-special-heading.av-mg5n9sgw-46a9669a748006051292d625cf425c86 .av-subheading{\nfont-size:15px;\n}\n<\/style>\n<div  class='av-special-heading av-mg5n9sgw-46a9669a748006051292d625cf425c86 av-special-heading-h2 blockquote modern-quote modern-centered'><h2 class='av-special-heading-tag '  itemprop=\"headline\"  >Pren\u00e1jom n\u00e1radia<\/h2><div class=\"special-heading-border\"><div class=\"special-heading-inner-border\"><\/div><\/div><\/div>\n<form action=\"https:\/\/www.stavebniny-cadca.sk\/skalite\/produkt\/bruska-uhlova-hilti-dag-125-s\/\" method=\"post\" data-fields-with-error=\"Found errors in the following field(s):\" class=\"avia_ajax_form av-form-labels-visible    \" data-avia-form-id=\"1\" data-avia-redirect=''  aria-label='Kontaktn\u00fd formul\u00e1r' ><fieldset><p class='  first_form  form_element form_element_third' id='element_avia_1_1'><label for=\"avia_1_1\">Meno a priezvisko <abbr class=\"required\" title=\"po\u017eadovan\u00fd\">*<\/abbr><\/label> <input name=\"avia_1_1\" class=\"text_input is_empty\" type=\"text\" id=\"avia_1_1\" value=\"\" \/><\/p><p class='  form_element form_element_third' id='element_avia_2_1'><label for=\"avia_2_1\">E-Mail <abbr class=\"required\" title=\"po\u017eadovan\u00fd\">*<\/abbr><\/label> <input name=\"avia_2_1\" class=\"text_input is_email\" type=\"text\" id=\"avia_2_1\" value=\"\" \/><\/p><p class='  form_element form_element_third' id='element_avia_3_1'><label for=\"avia_3_1\">Telef\u00f3n <abbr class=\"required\" title=\"po\u017eadovan\u00fd\">*<\/abbr><\/label> <input name=\"avia_3_1\" class=\"text_input is_empty\" type=\"text\" id=\"avia_3_1\" value=\"\" \/><\/p><p class='  first_form  form_element form_fullwidth' id='element_avia_4_1'><label for=\"avia_4_1\" class=\"textare_label hidden textare_label_avia_4_1\">Pozn\u00e1mka<\/label><textarea  name=\"avia_4_1\" class=\"text_area \" cols=\"40\" rows=\"7\" id=\"avia_4_1\" ><\/textarea><\/p><p class=\"hidden\"><input type=\"text\" name=\"avia_5_1\" class=\"hidden \" id=\"avia_5_1\" value=\"\" \/><\/p><div id='avia_6_1' class='av-recaptcha-area  first_form  form_element form_fullwidth '  data-container_class=\"\" data-custom_class=\"\" data-context=\"av_contact_form\" data-token_input=\"av_recaptcha_token\" data-version=\"avia_recaptcha_v3\" data-theme=\"light\" data-size=\"normal\" data-score=\"0.5\" data-text_to_preview=\"\" data-value=\"\"><div class=\"av-google-badge-message hidden\">T\u00e1to str\u00e1nka je chr\u00e1nen\u00e1 reCAPTCHA a Google <a href=\"https:\/\/policies.google.com\/privacy\" target=\"_blank\">Z\u00e1sadami ochrany osobn\u00fdch \u00fadajov<\/a> a <a href=\"https:\/\/policies.google.com\/terms\" target=\"_blank\">Zmluvn\u00fdmi podmienkami<\/a>.<\/div><\/div><p class=\"form_element \"><input type=\"hidden\" value=\"1\" name=\"avia_generated_form1\" \/><input type=\"submit\" value=\"Odosla\u0165 rezerv\u00e1ciu\" class=\"button\"  data-sending-label=\"Odosielam\"\/><\/p><\/fieldset><div class=\"avia-disabled-form\">This contact form is deactivated because you refused to accept Google reCaptcha service which is necessary to validate any messages sent by the form.<\/div><\/form><div id=\"ajaxresponse_1\" class=\"ajaxresponse ajaxresponse_1 hidden\"><\/div>\n<section  class='av_textblock_section av-mg5ndcra-76365fb49384451b4d60370d2f28bf00 '   itemscope=\"itemscope\" itemtype=\"https:\/\/schema.org\/CreativeWork\" ><div class='avia_textblock'  itemprop=\"text\" ><p>Vyplnen\u00edm kontaktn\u00fdch \u00fadajov vyjadrujem s\u00fahlas s t\u00fdm, aby spolo\u010dnos\u0165 REDOS Stavebn\u00e9 centrum s.r.o. v s\u00falade so z\u00e1konom \u010d.428\/2002 z.z. o ochrane osobn\u00fdch \u00fadajov, spracovala poskytnut\u00e9 osobn\u00e9 \u00fadaje a beriem na vedomie, \u017ee ma spolo\u010dnos\u0165 m\u00f4\u017ee sp\u00e4tne kontaktova\u0165. Odvola\u0165 s\u00fahlas m\u00f4\u017eem zaslan\u00edm p\u00edsomn\u00e9ho ozn\u00e1menia na e-mailov\u00fa adresu <a href=\"mailto:info@redos.sk\">info@redos.sk<\/a>.<\/p>\n<\/div><\/section>\n<\/div><\/div><\/div>\n<\/p>\n<\/div><\/div><\/div><!-- close content main div --><\/div><\/div>\n<style type=\"text\/css\" data-created_by=\"avia_inline_auto\" id=\"style-css-av-2xkij2-f82209904ae191c8fee1c773229be9b4\">\n.avia-section.av-2xkij2-f82209904ae191c8fee1c773229be9b4{\nbackground-color:#f4f4f4;\nbackground-image:unset;\n}\n<\/style>\n<div id='av_section_3'  class='avia-section av-2xkij2-f82209904ae191c8fee1c773229be9b4 main_color avia-section-large avia-no-border-styling  avia-builder-el-11  el_after_av_section  avia-builder-el-last  avia-bg-style-fixed container_wrap fullsize'  ><div class='container av-section-cont-open' ><div class='template-page content  av-content-full alpha units'><div class='post-entry post-entry-type-page post-entry-16943'><div class='entry-content-wrapper clearfix'>\n<section  class='av_textblock_section av-mg5gse44-2d2ce1482b77aa59e0e52eabe5533c78 '   itemscope=\"itemscope\" itemtype=\"https:\/\/schema.org\/CreativeWork\" ><div class='avia_textblock'  itemprop=\"text\" >\n<\/div><\/section>\n\n","protected":false},"excerpt":{"rendered":"","protected":false},"featured_media":16954,"template":"","meta":[],"product_brand":[],"product_cat":[17],"product_tag":[],"class_list":{"0":"post-16943","1":"product","2":"type-product","3":"status-publish","4":"has-post-thumbnail","6":"product_cat-rucne-naradie","8":"first","9":"instock","10":"shipping-taxable","11":"product-type-simple"},"_links":{"self":[{"href":"https:\/\/www.stavebniny-cadca.sk\/skalite\/wp-json\/wp\/v2\/product\/16943","targetHints":{"allow":["GET"]}}],"collection":[{"href":"https:\/\/www.stavebniny-cadca.sk\/skalite\/wp-json\/wp\/v2\/product"}],"about":[{"href":"https:\/\/www.stavebniny-cadca.sk\/skalite\/wp-json\/wp\/v2\/types\/product"}],"wp:featuredmedia":[{"embeddable":true,"href":"https:\/\/www.stavebniny-cadca.sk\/skalite\/wp-json\/wp\/v2\/media\/16954"}],"wp:attachment":[{"href":"https:\/\/www.stavebniny-cadca.sk\/skalite\/wp-json\/wp\/v2\/media?parent=16943"}],"wp:term":[{"taxonomy":"product_brand","embeddable":true,"href":"https:\/\/www.stavebniny-cadca.sk\/skalite\/wp-json\/wp\/v2\/product_brand?post=16943"},{"taxonomy":"product_cat","embeddable":true,"href":"https:\/\/www.stavebniny-cadca.sk\/skalite\/wp-json\/wp\/v2\/product_cat?post=16943"},{"taxonomy":"product_tag","embeddable":true,"href":"https:\/\/www.stavebniny-cadca.sk\/skalite\/wp-json\/wp\/v2\/product_tag?post=16943"}],"curies":[{"name":"wp","href":"https:\/\/api.w.org\/{rel}","templated":true}]}}